{"id":173,"date":"2022-03-16T13:48:50","date_gmt":"2022-03-16T13:48:50","guid":{"rendered":"https:\/\/sandra-doemer.de\/?page_id=173"},"modified":"2022-05-12T06:06:27","modified_gmt":"2022-05-12T06:06:27","slug":"presse","status":"publish","type":"page","link":"https:\/\/sandra-doemer.de\/?page_id=173","title":{"rendered":"Presse"},"content":{"rendered":"\n<figure class=\"wp-block-image size-large\"><img loading=\"lazy\" decoding=\"async\" width=\"1024\" height=\"445\" src=\"https:\/\/sandra-doemer.de\/wp-content\/uploads\/2022\/05\/IMG_2887-1024x445.jpg\" alt=\"\" class=\"wp-image-291\" srcset=\"https:\/\/sandra-doemer.de\/wp-content\/uploads\/2022\/05\/IMG_2887-1024x445.jpg 1024w, https:\/\/sandra-doemer.de\/wp-content\/uploads\/2022\/05\/IMG_2887-300x130.jpg 300w, https:\/\/sandra-doemer.de\/wp-content\/uploads\/2022\/05\/IMG_2887-768x334.jpg 768w, https:\/\/sandra-doemer.de\/wp-content\/uploads\/2022\/05\/IMG_2887-1536x667.jpg 1536w, https:\/\/sandra-doemer.de\/wp-content\/uploads\/2022\/05\/IMG_2887.jpg 1600w\" sizes=\"auto, (max-width: 1024px) 100vw, 1024px\" \/><\/figure>\n\n\n\n<p><\/p>\n\n\n\n<div class=\"wp-block-columns is-layout-flex wp-container-core-columns-is-layout-1 wp-block-columns-is-layout-flex\">\n<div class=\"wp-block-column is-layout-flow wp-block-column-is-layout-flow\">\n<figure class=\"wp-block-image size-large\"><a href=\"https:\/\/allesdetten.de\/rueckenwind-fuer-den-vereinssport-gruene-landtagskandidatin-sandra-doemer-zu-gast-beim-tve\/\" target=\"_blank\" rel=\"noopener\"><img loading=\"lazy\" decoding=\"async\" width=\"553\" height=\"1024\" src=\"https:\/\/sandra-doemer.de\/wp-content\/uploads\/2022\/05\/Bildschirmfoto-2022-05-06-um-22.24.03-553x1024.png\" alt=\"\" class=\"wp-image-279\" srcset=\"https:\/\/sandra-doemer.de\/wp-content\/uploads\/2022\/05\/Bildschirmfoto-2022-05-06-um-22.24.03-553x1024.png 553w, https:\/\/sandra-doemer.de\/wp-content\/uploads\/2022\/05\/Bildschirmfoto-2022-05-06-um-22.24.03-162x300.png 162w, https:\/\/sandra-doemer.de\/wp-content\/uploads\/2022\/05\/Bildschirmfoto-2022-05-06-um-22.24.03.png 756w\" sizes=\"auto, (max-width: 553px) 100vw, 553px\" \/><\/a><\/figure>\n\n\n\n<p><\/p>\n\n\n\n<figure class=\"wp-block-image size-large\"><a href=\"https:\/\/www.mv-online.de\/lokales\/rheine\/fruehstueck-mit-speed-dating-533718.html\" target=\"_blank\" rel=\"noopener\"><img loading=\"lazy\" decoding=\"async\" width=\"667\" height=\"1024\" src=\"https:\/\/sandra-doemer.de\/wp-content\/uploads\/2022\/04\/Bildschirmfoto-2022-04-27-um-06.54.55-667x1024.png\" alt=\"\" class=\"wp-image-264\" srcset=\"https:\/\/sandra-doemer.de\/wp-content\/uploads\/2022\/04\/Bildschirmfoto-2022-04-27-um-06.54.55-667x1024.png 667w, https:\/\/sandra-doemer.de\/wp-content\/uploads\/2022\/04\/Bildschirmfoto-2022-04-27-um-06.54.55-195x300.png 195w, https:\/\/sandra-doemer.de\/wp-content\/uploads\/2022\/04\/Bildschirmfoto-2022-04-27-um-06.54.55-768x1180.png 768w, https:\/\/sandra-doemer.de\/wp-content\/uploads\/2022\/04\/Bildschirmfoto-2022-04-27-um-06.54.55.png 806w\" sizes=\"auto, (max-width: 667px) 100vw, 667px\" \/><\/a><\/figure>\n<\/div>\n\n\n\n<div class=\"wp-block-column is-layout-flow wp-block-column-is-layout-flow\">\n<figure class=\"wp-block-image size-large\"><img loading=\"lazy\" decoding=\"async\" width=\"676\" height=\"1024\" src=\"https:\/\/sandra-doemer.de\/wp-content\/uploads\/2022\/05\/Bildschirmfoto-2022-05-10-um-10.55.21-676x1024.png\" alt=\"\" class=\"wp-image-288\" srcset=\"https:\/\/sandra-doemer.de\/wp-content\/uploads\/2022\/05\/Bildschirmfoto-2022-05-10-um-10.55.21-676x1024.png 676w, https:\/\/sandra-doemer.de\/wp-content\/uploads\/2022\/05\/Bildschirmfoto-2022-05-10-um-10.55.21-198x300.png 198w, https:\/\/sandra-doemer.de\/wp-content\/uploads\/2022\/05\/Bildschirmfoto-2022-05-10-um-10.55.21.png 708w\" sizes=\"auto, (max-width: 676px) 100vw, 676px\" \/><\/figure>\n\n\n\n<p><\/p>\n\n\n\n<figure class=\"wp-block-image size-large\"><a href=\"https:\/\/www.mv-online.de\/lokales\/rheine\/teilweise-hitziger-meinungsaustausch-533949.html\" target=\"_blank\" rel=\"noopener\"><img loading=\"lazy\" decoding=\"async\" width=\"605\" height=\"1024\" src=\"https:\/\/sandra-doemer.de\/wp-content\/uploads\/2022\/04\/Bildschirmfoto-2022-04-30-um-18.35.46-605x1024.png\" alt=\"\" class=\"wp-image-271\" srcset=\"https:\/\/sandra-doemer.de\/wp-content\/uploads\/2022\/04\/Bildschirmfoto-2022-04-30-um-18.35.46-605x1024.png 605w, https:\/\/sandra-doemer.de\/wp-content\/uploads\/2022\/04\/Bildschirmfoto-2022-04-30-um-18.35.46-177x300.png 177w, https:\/\/sandra-doemer.de\/wp-content\/uploads\/2022\/04\/Bildschirmfoto-2022-04-30-um-18.35.46-768x1301.png 768w, https:\/\/sandra-doemer.de\/wp-content\/uploads\/2022\/04\/Bildschirmfoto-2022-04-30-um-18.35.46.png 822w\" sizes=\"auto, (max-width: 605px) 100vw, 605px\" \/><\/a><\/figure>\n\n\n\n<p><\/p>\n<\/div>\n<\/div>\n\n\n\n<p><\/p>\n\n\n<div class=\"has-background latest-posts wp-block-sunflower-latest-posts\">\n        <div class=\"wp-block-group__inner-container\">\n            \n                <div class=\"row\" data-masonry='{\"percentPosition\": true }'><div class=\"col-md-6\">\n<article id=\"post-259\" class=\"bg-white mb-4 has-shadow post-259 post type-post status-publish format-standard has-post-thumbnail hentry category-uncategorized\">\n\t<div class=\"\">\n\t\t\t\t\t<div class=\"\">\n\t\t\t\t<a href=\"https:\/\/sandra-doemer.de\/?p=259\" aria-label=\"Post Thumbnail\" rel=\"bookmark\">\n\t\t\t\t\t\t\t\t<img loading=\"lazy\" decoding=\"async\" width=\"768\" height=\"576\" src=\"https:\/\/sandra-doemer.de\/wp-content\/uploads\/2022\/04\/IMG_1989.JPG-768x576.jpg\" class=\"post-thumbnail wp-post-image\" alt=\"D\u00f6mer und R\u00fc\u00dfe beim WLV in Saerbeck\" \/>\n\n\t\t\t\t\t\t\t<\/a>\n\t\t\t<\/div>\n\t\t\t\t\t<div class=\"p-45\">\n\t\t\t<header class=\"entry-header mb-2\">\n\t\t\t\t\t\t\t\t<h2 class=\"card-title h4 mb-3\"><a href=\"https:\/\/sandra-doemer.de\/?p=259\" rel=\"bookmark\">D\u00f6mer und R\u00fc\u00dfe beim WLV in Saerbeck<\/a><\/h2>\t\t\t\t\t<div class=\"entry-meta mb-3\">\n\t\t\t\t\t\t<span class=\"posted-on\"><time class=\"entry-date published\" datetime=\"2022-04-26T13:36:05+00:00\">April 26, 2022<\/time><time class=\"updated\" datetime=\"2022-04-26T14:23:03+00:00\">April 26, 2022<\/time><\/span>\t\t\t\t\t<\/div><!-- .entry-meta -->\n\t\t\t\t\t\t\t\t<\/header><!-- .entry-header -->\n\n\t\t\t<div class=\"entry-content\">\n\t\t\t\t<a href=\"https:\/\/sandra-doemer.de\/?p=259\" rel=\"bookmark\">\n\t\t\t\t<p>Sandra D\u00f6mer (Wahlkreis Steinfurt II) und Norwich R\u00fc\u00dfe (Wahlkreis Steinfurt I) besuchten am Montag (11.04.22) das &#8222;Gr\u00fcne Zentrum&#8220; des WLV in Saerbeck und trafen dort Albert Rohlmann und Benedikt Langemeyer [&hellip;]<\/p>\n\t\t\t\t<\/a>\n\t\t\t<\/div><!-- .entry-content -->\n\n\t\t\t<footer class=\"entry-footer\">\n\t\t\t\t\t\t\t<div class=\"d-flex mt-2 mb-2\">\n\t\t\t\t\t\t\t\t<div>\n\t\t<span class=\"cat-links small\"><a href=\"https:\/\/sandra-doemer.de\/?cat=1\" rel=\"category\">Uncategorized<\/a><\/span>\n\t\t\t\t<\/div>\n\t\t\t<\/div>\n\t\t\n\t\t\t\t<div class=\"d-flex flex-row-reverse\">\n\t\t\t\t\t<a href=\"https:\/\/sandra-doemer.de\/?p=259\" rel=\"bookmark\" class=\"continue-reading\">\n\t\t\t\t\tweiterlesen\t\t\t\t<\/a>\n\t\t\t\t<\/div>\n\t\t\t<\/footer><!-- .entry-footer -->\n\t\t<\/div>\n\t<\/div>\n<\/article><!-- #post-259 -->\n<\/div><div class=\"col-md-6\">\n<article id=\"post-233\" class=\"bg-white mb-4 has-shadow post-233 post type-post status-publish format-standard has-post-thumbnail hentry category-uncategorized\">\n\t<div class=\"\">\n\t\t\t\t\t<div class=\"\">\n\t\t\t\t<a href=\"https:\/\/sandra-doemer.de\/?p=233\" aria-label=\"Post Thumbnail\" rel=\"bookmark\">\n\t\t\t\t\t\t\t\t<img loading=\"lazy\" decoding=\"async\" width=\"768\" height=\"576\" src=\"https:\/\/sandra-doemer.de\/wp-content\/uploads\/2022\/04\/STRABS-768x576.jpg\" class=\"post-thumbnail wp-post-image\" alt=\"Treffen B\u00fcrgerinitiative gegen STRABS\" \/>\n\n\t\t\t\t\t\t\t<\/a>\n\t\t\t<\/div>\n\t\t\t\t\t<div class=\"p-45\">\n\t\t\t<header class=\"entry-header mb-2\">\n\t\t\t\t\t\t\t\t<h2 class=\"card-title h4 mb-3\"><a href=\"https:\/\/sandra-doemer.de\/?p=233\" rel=\"bookmark\">Treffen B\u00fcrgerinitiative gegen STRABS<\/a><\/h2>\t\t\t\t\t<div class=\"entry-meta mb-3\">\n\t\t\t\t\t\t<span class=\"posted-on\"><time class=\"entry-date published\" datetime=\"2022-04-20T12:49:54+00:00\">April 20, 2022<\/time><time class=\"updated\" datetime=\"2022-04-23T13:24:59+00:00\">April 23, 2022<\/time><\/span>\t\t\t\t\t<\/div><!-- .entry-meta -->\n\t\t\t\t\t\t\t\t<\/header><!-- .entry-header -->\n\n\t\t\t<div class=\"entry-content\">\n\t\t\t\t<a href=\"https:\/\/sandra-doemer.de\/?p=233\" rel=\"bookmark\">\n\t\t\t\t<p>Ungerechtigkeiten besch\u00e4ftigen B\u00fcrgerinnen und B\u00fcrger sehr und damit nat\u00fcrlich auch ihre Abgeordneten \u201e, so fasst Felix Blomberg, Sprecher der Rheinenser B\u00fcrgerinitiative &#8222;B\u00fcrger gegen STRABS&#8220; die Motivation der Einladung an die [&hellip;]<\/p>\n\t\t\t\t<\/a>\n\t\t\t<\/div><!-- .entry-content -->\n\n\t\t\t<footer class=\"entry-footer\">\n\t\t\t\t\t\t\t<div class=\"d-flex mt-2 mb-2\">\n\t\t\t\t\t\t\t\t<div>\n\t\t<span class=\"cat-links small\"><a href=\"https:\/\/sandra-doemer.de\/?cat=1\" rel=\"category\">Uncategorized<\/a><\/span>\n\t\t\t\t<\/div>\n\t\t\t<\/div>\n\t\t\n\t\t\t\t<div class=\"d-flex flex-row-reverse\">\n\t\t\t\t\t<a href=\"https:\/\/sandra-doemer.de\/?p=233\" rel=\"bookmark\" class=\"continue-reading\">\n\t\t\t\t\tweiterlesen\t\t\t\t<\/a>\n\t\t\t\t<\/div>\n\t\t\t<\/footer><!-- .entry-footer -->\n\t\t<\/div>\n\t<\/div>\n<\/article><!-- #post-233 -->\n<\/div><div class=\"col-md-6\">\n<article id=\"post-244\" class=\"bg-white mb-4 has-shadow post-244 post type-post status-publish format-standard has-post-thumbnail hentry category-uncategorized\">\n\t<div class=\"\">\n\t\t\t\t\t<div class=\"\">\n\t\t\t\t<a href=\"https:\/\/sandra-doemer.de\/?p=244\" aria-label=\"Post Thumbnail\" rel=\"bookmark\">\n\t\t\t\t\t\t\t\t<img loading=\"lazy\" decoding=\"async\" width=\"768\" height=\"576\" src=\"https:\/\/sandra-doemer.de\/wp-content\/uploads\/2022\/04\/Kindergarten-768x576.jpeg\" class=\"post-thumbnail wp-post-image\" alt=\"Caritas Dreik\u00f6nigskindergarten\" \/>\n\n\t\t\t\t\t\t\t<\/a>\n\t\t\t<\/div>\n\t\t\t\t\t<div class=\"p-45\">\n\t\t\t<header class=\"entry-header mb-2\">\n\t\t\t\t\t\t\t\t<h2 class=\"card-title h4 mb-3\"><a href=\"https:\/\/sandra-doemer.de\/?p=244\" rel=\"bookmark\">Caritas Dreik\u00f6nigskindergarten<\/a><\/h2>\t\t\t\t\t<div class=\"entry-meta mb-3\">\n\t\t\t\t\t\t<span class=\"posted-on\"><time class=\"entry-date published\" datetime=\"2022-04-06T21:27:00+00:00\">April 6, 2022<\/time><time class=\"updated\" datetime=\"2022-04-23T13:29:04+00:00\">April 23, 2022<\/time><\/span>\t\t\t\t\t<\/div><!-- .entry-meta -->\n\t\t\t\t\t\t\t\t<\/header><!-- .entry-header -->\n\n\t\t\t<div class=\"entry-content\">\n\t\t\t\t<a href=\"https:\/\/sandra-doemer.de\/?p=244\" rel=\"bookmark\">\n\t\t\t\t<p>Begleitet von Reinhard Hundrup und Udo Hewing vom Ortsverband B\u00fcndnis 90\/Die Gr\u00fcnen besuchte die Landtagskandidatin der Gr\u00fcnen in NRW Sandra D\u00f6mer den Dreik\u00f6nigskindergarten des Caritasverbandes in Rheine. Selbst Fachfrau interessierten [&hellip;]<\/p>\n\t\t\t\t<\/a>\n\t\t\t<\/div><!-- .entry-content -->\n\n\t\t\t<footer class=\"entry-footer\">\n\t\t\t\t\t\t\t<div class=\"d-flex mt-2 mb-2\">\n\t\t\t\t\t\t\t\t<div>\n\t\t<span class=\"cat-links small\"><a href=\"https:\/\/sandra-doemer.de\/?cat=1\" rel=\"category\">Uncategorized<\/a><\/span>\n\t\t\t\t<\/div>\n\t\t\t<\/div>\n\t\t\n\t\t\t\t<div class=\"d-flex flex-row-reverse\">\n\t\t\t\t\t<a href=\"https:\/\/sandra-doemer.de\/?p=244\" rel=\"bookmark\" class=\"continue-reading\">\n\t\t\t\t\tweiterlesen\t\t\t\t<\/a>\n\t\t\t\t<\/div>\n\t\t\t<\/footer><!-- .entry-footer -->\n\t\t<\/div>\n\t<\/div>\n<\/article><!-- #post-244 -->\n<\/div>\n    <a class=\"text-white no-link d-block bg-primary has-green-550-hover-background-color border-radius\" href=\"https:\/\/sandra-doemer.de?post_type=post\" rel=\"\">\n        <div class=\"p-45 row\">\n        <span class=\"continue-reading text-white text-center pt-0\">zum Blog-Archiv<\/span>\n        <\/div>\n    <\/a>\n<\/div><\/div><\/div>\n\n\n<div class=\"wp-block-columns is-layout-flex wp-container-core-columns-is-layout-2 wp-block-columns-is-layout-flex\">\n<div class=\"wp-block-column is-layout-flow wp-block-column-is-layout-flow\">\n<p><\/p>\n\n\n\n<figure class=\"wp-block-image size-large\"><a href=\"https:\/\/www.wn.de\/muensterland\/kreis-steinfurt\/ladbergen\/starkung-des-teams-lautet-die-devise-2560738?pid=true\" target=\"_blank\" rel=\"Westf\u00e4lische Nachrichten noopener\"><img loading=\"lazy\" decoding=\"async\" width=\"840\" height=\"1024\" src=\"https:\/\/sandra-doemer.de\/wp-content\/uploads\/2022\/04\/Bildschirmfoto-2022-04-23-um-15.07.48-840x1024.png\" alt=\"\" class=\"wp-image-239\" srcset=\"https:\/\/sandra-doemer.de\/wp-content\/uploads\/2022\/04\/Bildschirmfoto-2022-04-23-um-15.07.48-840x1024.png 840w, https:\/\/sandra-doemer.de\/wp-content\/uploads\/2022\/04\/Bildschirmfoto-2022-04-23-um-15.07.48-246x300.png 246w, https:\/\/sandra-doemer.de\/wp-content\/uploads\/2022\/04\/Bildschirmfoto-2022-04-23-um-15.07.48-768x936.png 768w, https:\/\/sandra-doemer.de\/wp-content\/uploads\/2022\/04\/Bildschirmfoto-2022-04-23-um-15.07.48.png 1142w\" sizes=\"auto, (max-width: 840px) 100vw, 840px\" \/><\/a><\/figure>\n\n\n\n<figure class=\"wp-block-image size-large\"><a href=\"https:\/\/www.mv-online.de\/lokales\/rheine\/gruenen-wahlkampf-auf-borneplatz-529602.html\" target=\"_blank\" rel=\"MV-Online noopener\"><img loading=\"lazy\" decoding=\"async\" width=\"658\" height=\"1024\" src=\"https:\/\/sandra-doemer.de\/wp-content\/uploads\/2022\/04\/Bildschirmfoto-2022-04-10-um-09.35.07-658x1024.png\" alt=\"\" class=\"wp-image-220\" srcset=\"https:\/\/sandra-doemer.de\/wp-content\/uploads\/2022\/04\/Bildschirmfoto-2022-04-10-um-09.35.07-658x1024.png 658w, https:\/\/sandra-doemer.de\/wp-content\/uploads\/2022\/04\/Bildschirmfoto-2022-04-10-um-09.35.07-193x300.png 193w, https:\/\/sandra-doemer.de\/wp-content\/uploads\/2022\/04\/Bildschirmfoto-2022-04-10-um-09.35.07-768x1195.png 768w, https:\/\/sandra-doemer.de\/wp-content\/uploads\/2022\/04\/Bildschirmfoto-2022-04-10-um-09.35.07.png 830w\" sizes=\"auto, (max-width: 658px) 100vw, 658px\" \/><\/a><\/figure>\n\n\n\n<p><\/p>\n\n\n\n<p><\/p>\n\n\n\n<figure class=\"wp-block-image size-large\"><a href=\"https:\/\/www.mv-online.de\/region\/kreis-steinfurt\/die-draengenden-themen-bleiben-ja-522809.html\" target=\"_blank\" rel=\"noopener\"><img loading=\"lazy\" decoding=\"async\" width=\"876\" height=\"1024\" src=\"https:\/\/sandra-doemer.de\/wp-content\/uploads\/2022\/03\/Bildschirmfoto-2022-03-16-um-14.47.19-876x1024.png\" alt=\"\" class=\"wp-image-174\" srcset=\"https:\/\/sandra-doemer.de\/wp-content\/uploads\/2022\/03\/Bildschirmfoto-2022-03-16-um-14.47.19-876x1024.png 876w, https:\/\/sandra-doemer.de\/wp-content\/uploads\/2022\/03\/Bildschirmfoto-2022-03-16-um-14.47.19-257x300.png 257w, https:\/\/sandra-doemer.de\/wp-content\/uploads\/2022\/03\/Bildschirmfoto-2022-03-16-um-14.47.19-768x898.png 768w, https:\/\/sandra-doemer.de\/wp-content\/uploads\/2022\/03\/Bildschirmfoto-2022-03-16-um-14.47.19.png 1074w\" sizes=\"auto, (max-width: 876px) 100vw, 876px\" \/><\/a><figcaption><a href=\"https:\/\/www.mv-online.de\/region\/kreis-steinfurt\/die-draengenden-themen-bleiben-ja-522809.html\" target=\"_blank\" rel=\"noreferrer noopener\">https:\/\/www.mv-online.de\/region\/kreis-steinfurt\/die-draengenden-themen-bleiben-ja-522809.html<\/a><\/figcaption><\/figure>\n\n\n\n<p><\/p>\n<\/div>\n\n\n\n<div class=\"wp-block-column is-layout-flow wp-block-column-is-layout-flow\">\n<p><\/p>\n\n\n\n<figure class=\"wp-block-image size-large is-resized\"><a href=\"https:\/\/www.muensterschezeitung.de\/lokales\/staedte\/steinfurt\/technische-schulen-holen-wahlkampfer-nach-steinfurt-aufs-podium-2551664\" target=\"_blank\" rel=\"M\u00fcnsterschen Zeitung noopener\"><img loading=\"lazy\" decoding=\"async\" src=\"https:\/\/sandra-doemer.de\/wp-content\/uploads\/2022\/04\/IMG_0155DAD6BCFA-1-793x1024.jpeg\" alt=\"\" class=\"wp-image-210\" width=\"402\" height=\"519\" srcset=\"https:\/\/sandra-doemer.de\/wp-content\/uploads\/2022\/04\/IMG_0155DAD6BCFA-1-793x1024.jpeg 793w, https:\/\/sandra-doemer.de\/wp-content\/uploads\/2022\/04\/IMG_0155DAD6BCFA-1-232x300.jpeg 232w, https:\/\/sandra-doemer.de\/wp-content\/uploads\/2022\/04\/IMG_0155DAD6BCFA-1-768x991.jpeg 768w, https:\/\/sandra-doemer.de\/wp-content\/uploads\/2022\/04\/IMG_0155DAD6BCFA-1.jpeg 1118w\" sizes=\"auto, (max-width: 402px) 100vw, 402px\" \/><\/a><\/figure>\n\n\n\n<p><\/p>\n\n\n\n<figure class=\"wp-block-image size-large\"><a href=\"https:\/\/www.wn.de\/muensterland\/kreis-steinfurt\/greven\/frauenrechte-sind-menschenrechte-2542813?pid=true\" target=\"_blank\" rel=\"noopener\"><img loading=\"lazy\" decoding=\"async\" width=\"991\" height=\"1024\" src=\"https:\/\/sandra-doemer.de\/wp-content\/uploads\/2022\/03\/Bildschirmfoto-2022-03-16-um-17.59.19-991x1024.png\" alt=\"\" class=\"wp-image-179\" srcset=\"https:\/\/sandra-doemer.de\/wp-content\/uploads\/2022\/03\/Bildschirmfoto-2022-03-16-um-17.59.19-991x1024.png 991w, https:\/\/sandra-doemer.de\/wp-content\/uploads\/2022\/03\/Bildschirmfoto-2022-03-16-um-17.59.19-290x300.png 290w, https:\/\/sandra-doemer.de\/wp-content\/uploads\/2022\/03\/Bildschirmfoto-2022-03-16-um-17.59.19-768x794.png 768w, https:\/\/sandra-doemer.de\/wp-content\/uploads\/2022\/03\/Bildschirmfoto-2022-03-16-um-17.59.19.png 1124w\" sizes=\"auto, (max-width: 991px) 100vw, 991px\" \/><\/a><\/figure>\n<\/div>\n<\/div>\n","protected":false},"excerpt":{"rendered":"","protected":false},"author":1,"featured_media":0,"parent":0,"menu_order":0,"comment_status":"closed","ping_status":"closed","template":"","meta":{"footnotes":""},"class_list":["post-173","page","type-page","status-publish","hentry"],"_links":{"self":[{"href":"https:\/\/sandra-doemer.de\/index.php?rest_route=\/wp\/v2\/pages\/173","targetHints":{"allow":["GET"]}}],"collection":[{"href":"https:\/\/sandra-doemer.de\/index.php?rest_route=\/wp\/v2\/pages"}],"about":[{"href":"https:\/\/sandra-doemer.de\/index.php?rest_route=\/wp\/v2\/types\/page"}],"author":[{"embeddable":true,"href":"https:\/\/sandra-doemer.de\/index.php?rest_route=\/wp\/v2\/users\/1"}],"replies":[{"embeddable":true,"href":"https:\/\/sandra-doemer.de\/index.php?rest_route=%2Fwp%2Fv2%2Fcomments&post=173"}],"version-history":[{"count":24,"href":"https:\/\/sandra-doemer.de\/index.php?rest_route=\/wp\/v2\/pages\/173\/revisions"}],"predecessor-version":[{"id":293,"href":"https:\/\/sandra-doemer.de\/index.php?rest_route=\/wp\/v2\/pages\/173\/revisions\/293"}],"wp:attachment":[{"href":"https:\/\/sandra-doemer.de\/index.php?rest_route=%2Fwp%2Fv2%2Fmedia&parent=173"}],"curies":[{"name":"wp","href":"https:\/\/api.w.org\/{rel}","templated":true}]}}