{"id":46,"date":"2022-02-21T17:49:29","date_gmt":"2022-02-21T17:49:29","guid":{"rendered":"https:\/\/sandra-doemer.de\/?page_id=46"},"modified":"2022-02-28T15:18:54","modified_gmt":"2022-02-28T15:18:54","slug":"kinderschutz-und-kinderrechte","status":"publish","type":"page","link":"https:\/\/sandra-doemer.de\/?page_id=46","title":{"rendered":"Kinderschutz und Kinderrechte"},"content":{"rendered":"\n<h2 class=\"has-green-550-color has-text-color wp-block-heading\" style=\"font-size:clamp(17.905px, 1.119rem + ((1vw - 3.2px) * 1.147), 28px);\">Kinderschutz und Kinderrechte. <\/h2>\n\n\n\n<h2 class=\"has-green-550-color has-text-color wp-block-heading\" style=\"font-size:clamp(17.905px, 1.119rem + ((1vw - 3.2px) * 1.147), 28px);\">F\u00fcr echte Chancen. Von Anfang an.<\/h2>\n\n\n\n<p>Kinderschutz und Kinderrechte sind untrennbar miteinander verbunden und nicht isoliert voneinander zu betrachten. Die Anerkennung und St\u00e4rkung von Kinderrechten sind die Basis daf\u00fcr, dass Kinderschutz wirksam und nachhaltig gelingen kann. Mein Ziel ist es, den Schutz von Kindern und Jugendlichen deutlich und kontinuierlich zu verbessern.&nbsp;<\/p>\n\n\n\n<p>Das Wohl von Kindern ist durch die Folgen der Corona-Pandemie gef\u00e4hrdeter denn je. Bei 32.758 Kindern in NRW hat sich 2020 der Verdacht auf Kindeswohlgef\u00e4hrdung best\u00e4tigt bzw. wurde ein Hilfebedarf festgestellt. Die Dunkelziffer ist um ein Vielfaches h\u00f6her.<\/p>\n\n\n\n<p>Gesellschaftliche Schutzr\u00e4ume wie z.B. Schulen, Kitas, Jugendzentren oder Vereine bieten wichtige Kontrollmechanismen und sind h\u00e4ufig die Orte, aus denen ein Gro\u00dfteil aller Meldungen bei einem Verdacht auf Kindeswohlgef\u00e4hrdung kommen. Diese wichtigen Begegnungsr\u00e4ume sind w\u00e4hrend der Pandemie zeitweise geschlossen oder k\u00f6nnen ihre Angebote nur eingeschr\u00e4nkt aufrechterhalten. Damit fehlen Kindern und Jugendlichen in Not sicher erreichbare Beratungs- und Hilfsangebote.<\/p>\n\n\n\n<p>Gleichzeitig ersch\u00fcttert das Ausma\u00df der bekannt gewordenen F\u00e4lle von (sexualisierter) Gewalt an Kindern wie etwa in Bergisch Gladbach, L\u00fcgde oder M\u00fcnster und zeigt in seiner Dramatik besonders, wie wichtig die St\u00e4rkung von Hilfeprozessen ist.<\/p>\n\n\n\n<p>Kinderschutz kann nur als gesamtgesellschaftliche Aufgabe verstanden werden. Ich setze mich f\u00fcr gute, nachhaltige Pr\u00e4ventionsma\u00dfnahmen und eine schnelle und planvolle Intervention im Verdachtsfall ein. Dies sind wesentliche Grundpfeiler im Kinderschutz und m\u00fcssen folglich auch verantwortlicher Bestandteil aller Handlungsfelder sein, die f\u00fcr das Wohl von Kindern und Jugendlichen Sorge tragen. Dazu z\u00e4hlen neben den Einrichtungen der Kinder- und Jugendhilfe wie Kitas, Jugendzentren oder Jugendwohnheimen ebenso Schulen, der Offene Ganztag, das Gesundheitswesen oder Polizei und Justiz. Durch verbindliche Schutzkonzepte m\u00f6chte ich bewirken, dass wir neben dem Ausbau pr\u00e4ventiver Ma\u00dfnahmen und niedrigschwellig gestalteter Hilfestrukturen mehr Handlungs- und Verfahrenssicherheit im Kinderschutz schaffen.&nbsp;<\/p>\n\n\n\n<p>Als Voraussetzung f\u00fcr ein sicheres Lebensumfeld von Kindern und Jugendlichen ist mein Ziel ein qualitativ hochwertiger und umfassender Kinderschutz, bei dem&nbsp;landesweit fachliche Standards gew\u00e4hrleistet werden und die Vernetzung und interdisziplin\u00e4re Zusammenarbeit der verschiedenen Akteur:innen sichergestellt ist.<\/p>\n","protected":false},"excerpt":{"rendered":"<p>Kinderschutz und Kinderrechte. F\u00fcr echte Chancen. Von Anfang an. Kinderschutz und Kinderrechte sind untrennbar miteinander verbunden und nicht isoliert voneinander zu betrachten. Die Anerkennung und St\u00e4rkung von Kinderrechten sind die [&hellip;]<\/p>\n","protected":false},"author":1,"featured_media":0,"parent":0,"menu_order":0,"comment_status":"closed","ping_status":"closed","template":"","meta":{"footnotes":""},"class_list":["post-46","page","type-page","status-publish","hentry"],"_links":{"self":[{"href":"https:\/\/sandra-doemer.de\/index.php?rest_route=\/wp\/v2\/pages\/46","targetHints":{"allow":["GET"]}}],"collection":[{"href":"https:\/\/sandra-doemer.de\/index.php?rest_route=\/wp\/v2\/pages"}],"about":[{"href":"https:\/\/sandra-doemer.de\/index.php?rest_route=\/wp\/v2\/types\/page"}],"author":[{"embeddable":true,"href":"https:\/\/sandra-doemer.de\/index.php?rest_route=\/wp\/v2\/users\/1"}],"replies":[{"embeddable":true,"href":"https:\/\/sandra-doemer.de\/index.php?rest_route=%2Fwp%2Fv2%2Fcomments&post=46"}],"version-history":[{"count":3,"href":"https:\/\/sandra-doemer.de\/index.php?rest_route=\/wp\/v2\/pages\/46\/revisions"}],"predecessor-version":[{"id":121,"href":"https:\/\/sandra-doemer.de\/index.php?rest_route=\/wp\/v2\/pages\/46\/revisions\/121"}],"wp:attachment":[{"href":"https:\/\/sandra-doemer.de\/index.php?rest_route=%2Fwp%2Fv2%2Fmedia&parent=46"}],"curies":[{"name":"wp","href":"https:\/\/api.w.org\/{rel}","templated":true}]}}