{"id":50,"date":"2022-02-21T17:50:55","date_gmt":"2022-02-21T17:50:55","guid":{"rendered":"https:\/\/sandra-doemer.de\/?page_id=50"},"modified":"2022-02-28T15:27:51","modified_gmt":"2022-02-28T15:27:51","slug":"inklusion-fuer-echte-chancen-von-anfang-an","status":"publish","type":"page","link":"https:\/\/sandra-doemer.de\/?page_id=50","title":{"rendered":"Inklusion"},"content":{"rendered":"\n<h2 class=\"has-green-550-color has-text-color wp-block-heading\" style=\"font-size:clamp(17.905px, 1.119rem + ((1vw - 3.2px) * 1.147), 28px);\">Inklusion. <\/h2>\n\n\n\n<h2 class=\"has-green-550-color has-text-color wp-block-heading\" style=\"font-size:clamp(17.905px, 1.119rem + ((1vw - 3.2px) * 1.147), 28px);\">F\u00fcr echte Chancen. Von Anfang an.<\/h2>\n\n\n\n<p>Inklusion ist ein Menschenrecht, verankert in der UN-Behindertenrechtskonvention und unverhandelbar. Das Recht auf Teilhabe in allen Bereichen des Lebens gilt f\u00fcr alle Menschen, unabh\u00e4ngig von besonderen Bed\u00fcrfnissen, sozialen oder \u00f6konomischen Herausforderungen. Damit Inklusion gelingen kann, muss sie als gesamtgesellschaftliches Ziel und gemeinsame Aufgabe verstanden werden \u2013 daf\u00fcr trete ich an. Neben den notwendigen Rahmenbedingungen und ver\u00e4nderten Strukturen geh\u00f6rt dazu auch eine ver\u00e4nderte Haltung und Einstellung. Die Frage ist nicht, ob Inklusion gelingen kann, sondern wie sie erfolgreich verwirklicht wird und wie wir politisch und gesellschaftlich dazu beitragen k\u00f6nnen.&nbsp;<\/p>\n\n\n\n<p>Ein inklusives Bildungssystem ist die Voraussetzung f\u00fcr die Entwicklung zu einer inklusiven Gesellschaft. Deshalb setze ich mich f\u00fcr ernstgemeinte inklusive Bildung und dem damit verbundenen Zugang zu qualitativ hochwertiger Bildung f\u00fcr alle ein.<\/p>\n\n\n\n<p>Damit das gemeinsame Lernen an den Schulen und Ausbildungsst\u00e4tten in Nordrhein-Westfalen gelingen kann, m\u00fcssen wir die passenden Rahmenbedingungen schaffen:<\/p>\n\n\n\n<p>durch ausreichend Zeit- und Personalressourcen, die M\u00f6glichkeit multi-professionelle Teams einzusetzen und bedarfsgerechte Ausstattungen und Lernmaterialien.&nbsp;<\/p>\n\n\n\n<p>Es bedarf grundlegender Ver\u00e4nderungen und Weiterentwicklungen in allen gesellschaftlichen Bereichen, damit Inklusion erfahrbare Realit\u00e4t wird. Inklusive Bildungsangebote und Arbeitsbedingungen, Spiel- und Sportm\u00f6glichkeiten und Kulturangebote sind daf\u00fcr die Voraussetzung. Deshalb m\u00f6chte ich, dass wir das zivilgesellschaftliche Engagement von B\u00fcrger:innen, Vereinen, Verb\u00e4nden in diesem Bereich besonders f\u00f6rdern und unterst\u00fctzen.<\/p>\n\n\n\n<p>Mein Ziel ist, dass wir in Nordrhein-Westfalen f\u00fcr die gesellschaftliche und politische Teilhabe aller zusammen L\u00f6sungen entwickeln und unsere Vielfalt als gro\u00dfe gemeinsame Chance begreifen.&nbsp;<\/p>\n","protected":false},"excerpt":{"rendered":"<p>Inklusion. F\u00fcr echte Chancen. Von Anfang an. Inklusion ist ein Menschenrecht, verankert in der UN-Behindertenrechtskonvention und unverhandelbar. Das Recht auf Teilhabe in allen Bereichen des Lebens gilt f\u00fcr alle Menschen, [&hellip;]<\/p>\n","protected":false},"author":1,"featured_media":0,"parent":0,"menu_order":0,"comment_status":"closed","ping_status":"closed","template":"","meta":{"footnotes":""},"class_list":["post-50","page","type-page","status-publish","hentry"],"_links":{"self":[{"href":"https:\/\/sandra-doemer.de\/index.php?rest_route=\/wp\/v2\/pages\/50","targetHints":{"allow":["GET"]}}],"collection":[{"href":"https:\/\/sandra-doemer.de\/index.php?rest_route=\/wp\/v2\/pages"}],"about":[{"href":"https:\/\/sandra-doemer.de\/index.php?rest_route=\/wp\/v2\/types\/page"}],"author":[{"embeddable":true,"href":"https:\/\/sandra-doemer.de\/index.php?rest_route=\/wp\/v2\/users\/1"}],"replies":[{"embeddable":true,"href":"https:\/\/sandra-doemer.de\/index.php?rest_route=%2Fwp%2Fv2%2Fcomments&post=50"}],"version-history":[{"count":3,"href":"https:\/\/sandra-doemer.de\/index.php?rest_route=\/wp\/v2\/pages\/50\/revisions"}],"predecessor-version":[{"id":126,"href":"https:\/\/sandra-doemer.de\/index.php?rest_route=\/wp\/v2\/pages\/50\/revisions\/126"}],"wp:attachment":[{"href":"https:\/\/sandra-doemer.de\/index.php?rest_route=%2Fwp%2Fv2%2Fmedia&parent=50"}],"curies":[{"name":"wp","href":"https:\/\/api.w.org\/{rel}","templated":true}]}}